{"id":573,"date":"2021-05-17T10:01:32","date_gmt":"2021-05-17T10:01:32","guid":{"rendered":"https:\/\/madridlockers.com\/?page_id=573"},"modified":"2021-05-17T10:05:21","modified_gmt":"2021-05-17T10:05:21","slug":"blog","status":"publish","type":"page","link":"https:\/\/madridlockers.com\/es\/blog\/","title":{"rendered":"Blog"},"content":{"rendered":"<div data-elementor-type=\"wp-page\" data-elementor-id=\"573\" class=\"elementor elementor-573\">\n\t\t\t\t\t\t\t\t\t<section class=\"elementor-section elementor-top-section elementor-element elementor-element-eae447b elementor-section-boxed elementor-section-height-default elementor-section-height-default\" data-id=\"eae447b\" data-element_type=\"section\">\n\t\t\t\t\t\t<div class=\"elementor-container elementor-column-gap-default\">\n\t\t\t\t\t<div class=\"elementor-column elementor-col-100 elementor-top-column elementor-element elementor-element-ed7cdc9\" data-id=\"ed7cdc9\" data-element_type=\"column\">\n\t\t\t<div class=\"elementor-widget-wrap elementor-element-populated\">\n\t\t\t\t\t\t\t\t<div class=\"elementor-element elementor-element-4d46f49 elementor-grid-3 elementor-grid-tablet-2 elementor-grid-mobile-1 elementor-posts--thumbnail-top elementor-widget elementor-widget-posts\" data-id=\"4d46f49\" data-element_type=\"widget\" data-settings=\"{&quot;classic_columns&quot;:&quot;3&quot;,&quot;classic_columns_tablet&quot;:&quot;2&quot;,&quot;classic_columns_mobile&quot;:&quot;1&quot;,&quot;classic_row_gap&quot;:{&quot;unit&quot;:&quot;px&quot;,&quot;size&quot;:35,&quot;sizes&quot;:[]},&quot;classic_row_gap_tablet&quot;:{&quot;unit&quot;:&quot;px&quot;,&quot;size&quot;:&quot;&quot;,&quot;sizes&quot;:[]},&quot;classic_row_gap_mobile&quot;:{&quot;unit&quot;:&quot;px&quot;,&quot;size&quot;:&quot;&quot;,&quot;sizes&quot;:[]}}\" data-widget_type=\"posts.classic\">\n\t\t\t\t<div class=\"elementor-widget-container\">\n\t\t\t\t\t<div class=\"elementor-posts-container elementor-posts elementor-posts--skin-classic elementor-grid\">\n\t\t\t\t<article class=\"elementor-post elementor-grid-item post-847 post type-post status-publish format-standard has-post-thumbnail hentry category-lockers-en-madrid tag-consigna-de-equipaje tag-consigna-de-equipaje-en-madrid tag-equipaje-madrid tag-lockers-en-madrid tag-lockers-para-turistas tag-turismo-con-lockers\">\n\t\t\t\t<a class=\"elementor-post__thumbnail__link\" href=\"https:\/\/madridlockers.com\/es\/lockers-en-madrid\/essential-things-in-your-luggage-for-madrid-and-how-to-enjoy-a-tuk-tuk-madrid\/\" target=\"&quot;_blank&quot;\">\n\t\t\t<div class=\"elementor-post__thumbnail\"><img decoding=\"async\" width=\"150\" height=\"150\" src=\"https:\/\/madridlockers.com\/wp-content\/uploads\/2022\/04\/Que-es-la-consigna-de-equipaje-150x150.jpg\" class=\"attachment-thumbnail size-thumbnail wp-image-790\" alt=\"Consigna de equipaje\" loading=\"lazy\" \/><\/div>\n\t\t<\/a>\n\t\t\t\t<div class=\"elementor-post__text\">\n\t\t\t\t<h3 class=\"elementor-post__title\">\n\t\t\t<a href=\"https:\/\/madridlockers.com\/es\/lockers-en-madrid\/essential-things-in-your-luggage-for-madrid-and-how-to-enjoy-a-tuk-tuk-madrid\/\" target=\"&quot;_blank&quot;\">\n\t\t\t\tEssential Things in Your Luggage for Madrid and How to Enjoy a Tuk Tuk Madrid\t\t\t<\/a>\n\t\t<\/h3>\n\t\t\t\t<div class=\"elementor-post__meta-data\">\n\t\t\t\t\t<span class=\"elementor-post-date\">\n\t\t\t12\/02\/2025\t\t<\/span>\n\t\t\t\t<span class=\"elementor-post-avatar\">\n\t\t\tNo hay comentarios\t\t<\/span>\n\t\t\t\t<\/div>\n\t\t\t\t<div class=\"elementor-post__excerpt\">\n\t\t\t<p>Si te parece una gran idea viajar ligero, madridlockers.com es tu mejor opci\u00f3n. Sabemos que no hay nada peor que pasar todo el viaje a Madrid luchando por arrastrar maletas pesadas. Y si es verano, con el calor la situaci\u00f3n empeora cada vez m\u00e1s. Por eso hoy te explicaremos qu\u00e9 es la consigna de equipaje.<\/p>\n\t\t<\/div>\n\t\t\n\t\t<a class=\"elementor-post__read-more\" href=\"https:\/\/madridlockers.com\/es\/lockers-en-madrid\/essential-things-in-your-luggage-for-madrid-and-how-to-enjoy-a-tuk-tuk-madrid\/\" aria-label=\"M\u00e1s informaci\u00f3n sobre Essential Things in Your Luggage for Madrid and How to Enjoy a Tuk Tuk Madrid\" target=\"_blank\">\n\t\t\tLeer m\u00e1s \u00bb\t\t<\/a>\n\n\t\t\t\t<\/div>\n\t\t\t\t<\/article>\n\t\t\t\t<article class=\"elementor-post elementor-grid-item post-783 post type-post status-publish format-standard has-post-thumbnail hentry category-lockers-en-madrid tag-consigna-de-equipaje tag-consigna-de-equipaje-en-madrid tag-lockers-en-madrid tag-lockers-para-turistas tag-turismo-con-lockers\">\n\t\t\t\t<a class=\"elementor-post__thumbnail__link\" href=\"https:\/\/madridlockers.com\/es\/lockers-en-madrid\/que-es-la-consigna-de-equipaje\/\" target=\"&quot;_blank&quot;\">\n\t\t\t<div class=\"elementor-post__thumbnail\"><img decoding=\"async\" width=\"150\" height=\"150\" src=\"https:\/\/madridlockers.com\/wp-content\/uploads\/2022\/04\/Que-es-la-consigna-de-equipaje-150x150.jpg\" class=\"attachment-thumbnail size-thumbnail wp-image-790\" alt=\"Consigna de equipaje\" loading=\"lazy\" \/><\/div>\n\t\t<\/a>\n\t\t\t\t<div class=\"elementor-post__text\">\n\t\t\t\t<h3 class=\"elementor-post__title\">\n\t\t\t<a href=\"https:\/\/madridlockers.com\/es\/lockers-en-madrid\/que-es-la-consigna-de-equipaje\/\" target=\"&quot;_blank&quot;\">\n\t\t\t\t\u00bfQu\u00e9 es la consigna de equipaje y cu\u00e1les son sus beneficios?\t\t\t<\/a>\n\t\t<\/h3>\n\t\t\t\t<div class=\"elementor-post__meta-data\">\n\t\t\t\t\t<span class=\"elementor-post-date\">\n\t\t\t22\/04\/2022\t\t<\/span>\n\t\t\t\t<span class=\"elementor-post-avatar\">\n\t\t\tNo hay comentarios\t\t<\/span>\n\t\t\t\t<\/div>\n\t\t\t\t<div class=\"elementor-post__excerpt\">\n\t\t\t<p>Si te parece una gran idea viajar ligero, madridlockers.com es tu mejor opci\u00f3n. Sabemos que no hay nada peor que pasar todo el viaje a Madrid luchando por arrastrar maletas pesadas. Y si es verano, con el calor la situaci\u00f3n empeora cada vez m\u00e1s. Por eso hoy te explicaremos qu\u00e9 es la consigna de equipaje.<\/p>\n\t\t<\/div>\n\t\t\n\t\t<a class=\"elementor-post__read-more\" href=\"https:\/\/madridlockers.com\/es\/lockers-en-madrid\/que-es-la-consigna-de-equipaje\/\" aria-label=\"M\u00e1s informaci\u00f3n sobre \u00bfQu\u00e9 es la consigna de equipaje y cu\u00e1les son sus beneficios?\" target=\"_blank\">\n\t\t\tLeer m\u00e1s \u00bb\t\t<\/a>\n\n\t\t\t\t<\/div>\n\t\t\t\t<\/article>\n\t\t\t\t<article class=\"elementor-post elementor-grid-item post-771 post type-post status-publish format-standard has-post-thumbnail hentry category-lockers-en-madrid tag-consigna-de-equipaje-en-madrid tag-equipaje-en-madrid tag-madrid-lockers tag-maletas-en-madrid tag-turismo-en-madrid\">\n\t\t\t\t<a class=\"elementor-post__thumbnail__link\" href=\"https:\/\/madridlockers.com\/es\/lockers-en-madrid\/donde-se-pueden-dejar-las-maletas-en-madrid\/\" target=\"&quot;_blank&quot;\">\n\t\t\t<div class=\"elementor-post__thumbnail\"><img decoding=\"async\" width=\"150\" height=\"150\" src=\"https:\/\/madridlockers.com\/wp-content\/uploads\/2022\/04\/Donde-se-pueden-dejar-las-maletas-en-Madrid-150x150.jpg\" class=\"attachment-thumbnail size-thumbnail wp-image-776\" alt=\"Consigna de equipaje Madrid\" loading=\"lazy\" \/><\/div>\n\t\t<\/a>\n\t\t\t\t<div class=\"elementor-post__text\">\n\t\t\t\t<h3 class=\"elementor-post__title\">\n\t\t\t<a href=\"https:\/\/madridlockers.com\/es\/lockers-en-madrid\/donde-se-pueden-dejar-las-maletas-en-madrid\/\" target=\"&quot;_blank&quot;\">\n\t\t\t\t\u00bfD\u00f3nde se pueden dejar las maletas en Madrid?\t\t\t<\/a>\n\t\t<\/h3>\n\t\t\t\t<div class=\"elementor-post__meta-data\">\n\t\t\t\t\t<span class=\"elementor-post-date\">\n\t\t\t08\/04\/2022\t\t<\/span>\n\t\t\t\t<span class=\"elementor-post-avatar\">\n\t\t\tNo hay comentarios\t\t<\/span>\n\t\t\t\t<\/div>\n\t\t\t\t<div class=\"elementor-post__excerpt\">\n\t\t\t<p>\u00bfNecesitas saber d\u00f3nde se pueden dejar las maletas en Madrid? Ya no tienes que buscar taquillas para guardar tu equipaje en la capital de Espa\u00f1a. La pr\u00f3xima vez que est\u00e9s en Madrid, recuerda que madridlockers.com est\u00e1 aqu\u00ed para librarte de ese problema.<\/p>\n\t\t<\/div>\n\t\t\n\t\t<a class=\"elementor-post__read-more\" href=\"https:\/\/madridlockers.com\/es\/lockers-en-madrid\/donde-se-pueden-dejar-las-maletas-en-madrid\/\" aria-label=\"M\u00e1s informaci\u00f3n sobre \u00bfD\u00f3nde se pueden dejar las maletas en Madrid?\" target=\"_blank\">\n\t\t\tLeer m\u00e1s \u00bb\t\t<\/a>\n\n\t\t\t\t<\/div>\n\t\t\t\t<\/article>\n\t\t\t\t<article class=\"elementor-post elementor-grid-item post-753 post type-post status-publish format-standard has-post-thumbnail hentry category-uncategorized tag-extravio-de-maletas-en-aeropuerto tag-madrid-lockers tag-perdida-de-equipaje tag-perdida-de-maletas-de-viaje\">\n\t\t\t\t<a class=\"elementor-post__thumbnail__link\" href=\"https:\/\/madridlockers.com\/es\/uncategorized\/extraviar-el-equipaje\/\" target=\"&quot;_blank&quot;\">\n\t\t\t<div class=\"elementor-post__thumbnail\"><img decoding=\"async\" width=\"150\" height=\"150\" src=\"https:\/\/madridlockers.com\/wp-content\/uploads\/2022\/03\/Extraviar-el-equipaje-150x150.jpg\" class=\"attachment-thumbnail size-thumbnail wp-image-756\" alt=\"P\u00e9rdida de maletas\" loading=\"lazy\" \/><\/div>\n\t\t<\/a>\n\t\t\t\t<div class=\"elementor-post__text\">\n\t\t\t\t<h3 class=\"elementor-post__title\">\n\t\t\t<a href=\"https:\/\/madridlockers.com\/es\/uncategorized\/extraviar-el-equipaje\/\" target=\"&quot;_blank&quot;\">\n\t\t\t\tConsejos para que nunca llegues a extraviar el equipaje\t\t\t<\/a>\n\t\t<\/h3>\n\t\t\t\t<div class=\"elementor-post__meta-data\">\n\t\t\t\t\t<span class=\"elementor-post-date\">\n\t\t\t25\/03\/2022\t\t<\/span>\n\t\t\t\t<span class=\"elementor-post-avatar\">\n\t\t\tNo hay comentarios\t\t<\/span>\n\t\t\t\t<\/div>\n\t\t\t\t<div class=\"elementor-post__excerpt\">\n\t\t\t<p>Una de las peores pesadillas de los viajeros es extraviar el equipaje. Alrededor del 62% de los equipajes perdidos se extrav\u00edan al cambiar de vuelo, otro 34% se pierde porque est\u00e1 mal etiquetado o es manipulado por el personal del aeropuerto, y el 20% restante nunca sale del aeropuerto de salida.<\/p>\n\t\t<\/div>\n\t\t\n\t\t<a class=\"elementor-post__read-more\" href=\"https:\/\/madridlockers.com\/es\/uncategorized\/extraviar-el-equipaje\/\" aria-label=\"M\u00e1s informaci\u00f3n sobre Consejos para que nunca llegues a extraviar el equipaje\" target=\"_blank\">\n\t\t\tLeer m\u00e1s \u00bb\t\t<\/a>\n\n\t\t\t\t<\/div>\n\t\t\t\t<\/article>\n\t\t\t\t<article class=\"elementor-post elementor-grid-item post-701 post type-post status-publish format-standard has-post-thumbnail hentry category-uncategorized tag-lockers-en-madrid tag-madrid-lockers tag-seguridad-de-equipaje tag-turismo-con-lockers tag-turismo-en-madrid\">\n\t\t\t\t<a class=\"elementor-post__thumbnail__link\" href=\"https:\/\/madridlockers.com\/es\/uncategorized\/lockers-en-madrid\/\" target=\"&quot;_blank&quot;\">\n\t\t\t<div class=\"elementor-post__thumbnail\"><img decoding=\"async\" width=\"150\" height=\"150\" src=\"https:\/\/madridlockers.com\/wp-content\/uploads\/2022\/03\/Lockers-en-Madrid-150x150.jpg\" class=\"attachment-thumbnail size-thumbnail wp-image-705\" alt=\"Lockers para equipaje\" loading=\"lazy\" \/><\/div>\n\t\t<\/a>\n\t\t\t\t<div class=\"elementor-post__text\">\n\t\t\t\t<h3 class=\"elementor-post__title\">\n\t\t\t<a href=\"https:\/\/madridlockers.com\/es\/uncategorized\/lockers-en-madrid\/\" target=\"&quot;_blank&quot;\">\n\t\t\t\t\u00bfC\u00f3mo funcionan los lockers en Madrid?\t\t\t<\/a>\n\t\t<\/h3>\n\t\t\t\t<div class=\"elementor-post__meta-data\">\n\t\t\t\t\t<span class=\"elementor-post-date\">\n\t\t\t18\/03\/2022\t\t<\/span>\n\t\t\t\t<span class=\"elementor-post-avatar\">\n\t\t\tNo hay comentarios\t\t<\/span>\n\t\t\t\t<\/div>\n\t\t\t\t<div class=\"elementor-post__excerpt\">\n\t\t\t<p>Si tienes pensado realizar un viaje fuera de la ciudad o pa\u00eds donde vives para visitar Madrid y quieres mantener tu equipaje a salvo es importante que sepas c\u00f3mo trabajan y funcionan los lockers en Madrid.<\/p>\n\t\t<\/div>\n\t\t\n\t\t<a class=\"elementor-post__read-more\" href=\"https:\/\/madridlockers.com\/es\/uncategorized\/lockers-en-madrid\/\" aria-label=\"M\u00e1s informaci\u00f3n sobre \u00bfC\u00f3mo funcionan los lockers en Madrid?\" target=\"_blank\">\n\t\t\tLeer m\u00e1s \u00bb\t\t<\/a>\n\n\t\t\t\t<\/div>\n\t\t\t\t<\/article>\n\t\t\t\t<article class=\"elementor-post elementor-grid-item post-713 post type-post status-publish format-standard has-post-thumbnail hentry category-uncategorized tag-perder-maletas tag-perder-maletas-en-el-aeropuerto\">\n\t\t\t\t<a class=\"elementor-post__thumbnail__link\" href=\"https:\/\/madridlockers.com\/es\/uncategorized\/perder-maletas-aeropuerto\/\" target=\"&quot;_blank&quot;\">\n\t\t\t<div class=\"elementor-post__thumbnail\"><img decoding=\"async\" width=\"150\" height=\"150\" src=\"https:\/\/madridlockers.com\/wp-content\/uploads\/2022\/03\/Perder-maletas-aeropuerto-150x150.png\" class=\"attachment-thumbnail size-thumbnail wp-image-715\" alt=\"P\u00e9rdida de maletas\" loading=\"lazy\" \/><\/div>\n\t\t<\/a>\n\t\t\t\t<div class=\"elementor-post__text\">\n\t\t\t\t<h3 class=\"elementor-post__title\">\n\t\t\t<a href=\"https:\/\/madridlockers.com\/es\/uncategorized\/perder-maletas-aeropuerto\/\" target=\"&quot;_blank&quot;\">\n\t\t\t\t\u00bfQu\u00e9 hacer a la hora de perder las maletas en el aeropuerto?\t\t\t<\/a>\n\t\t<\/h3>\n\t\t\t\t<div class=\"elementor-post__meta-data\">\n\t\t\t\t\t<span class=\"elementor-post-date\">\n\t\t\t11\/03\/2022\t\t<\/span>\n\t\t\t\t<span class=\"elementor-post-avatar\">\n\t\t\tNo hay comentarios\t\t<\/span>\n\t\t\t\t<\/div>\n\t\t\t\t<div class=\"elementor-post__excerpt\">\n\t\t\t<p>Si eres de esas personas que le gusta viajar a diferentes partes del mundo pero sabes lo que significa perder maletas aeropuerto porque te ha sucedido anteriormente o alguien cercano a ti lo ha vivido, este es el lugar indicado para ti, te ayudaremos con la interrogante de \u00bfQu\u00e9 hacer cuando pierdes las maletas en el aeropuerto?<\/p>\n\t\t<\/div>\n\t\t\n\t\t<a class=\"elementor-post__read-more\" href=\"https:\/\/madridlockers.com\/es\/uncategorized\/perder-maletas-aeropuerto\/\" aria-label=\"M\u00e1s informaci\u00f3n sobre \u00bfQu\u00e9 hacer a la hora de perder las maletas en el aeropuerto?\" target=\"_blank\">\n\t\t\tLeer m\u00e1s \u00bb\t\t<\/a>\n\n\t\t\t\t<\/div>\n\t\t\t\t<\/article>\n\t\t\t\t<\/div>\n\t\t\n\t\t\t\t<\/div>\n\t\t\t\t<\/div>\n\t\t\t\t\t<\/div>\n\t\t<\/div>\n\t\t\t\t\t\t\t<\/div>\n\t\t<\/section>\n\t\t\t\t\t\t\t<\/div>","protected":false},"excerpt":{"rendered":"","protected":false},"author":2,"featured_media":0,"parent":0,"menu_order":0,"comment_status":"closed","ping_status":"closed","template":"","meta":{"site-sidebar-layout":"no-sidebar","site-content-layout":"page-builder","ast-global-header-display":"","ast-main-header-display":"","ast-hfb-above-header-display":"","ast-hfb-below-header-display":"","ast-hfb-mobile-header-display":"","site-post-title":"disabled","ast-breadcrumbs-content":"","ast-featured-img":"disabled","footer-sml-layout":"","theme-transparent-header-meta":"default","adv-header-id-meta":"","stick-header-meta":"default","header-above-stick-meta":"","header-main-stick-meta":"","header-below-stick-meta":""},"yoast_head":"<!-- This site is optimized with the Yoast SEO plugin v20.1 - https:\/\/yoast.com\/wordpress\/plugins\/seo\/ -->\n<title>Blog - Madrid Lockers | Luggage storage Madrid<\/title>\n<meta name=\"robots\" content=\"index, follow, max-snippet:-1, max-image-preview:large, max-video-preview:-1\" \/>\n<link rel=\"canonical\" href=\"https:\/\/madridlockers.com\/es\/blog\/\" \/>\n<meta property=\"og:locale\" content=\"es_ES\" \/>\n<meta property=\"og:type\" content=\"article\" \/>\n<meta property=\"og:title\" content=\"Blog - Madrid Lockers | Luggage storage Madrid\" \/>\n<meta property=\"og:url\" content=\"https:\/\/madridlockers.com\/es\/blog\/\" \/>\n<meta property=\"og:site_name\" content=\"Madrid Lockers | Luggage storage Madrid\" \/>\n<meta property=\"article:modified_time\" content=\"2021-05-17T10:05:21+00:00\" \/>\n<meta name=\"twitter:card\" content=\"summary_large_image\" \/>\n<meta name=\"twitter:label1\" content=\"Tiempo de lectura\" \/>\n\t<meta name=\"twitter:data1\" content=\"1 minuto\" \/>\n<script type=\"application\/ld+json\" class=\"yoast-schema-graph\">{\"@context\":\"https:\/\/schema.org\",\"@graph\":[{\"@type\":\"WebPage\",\"@id\":\"https:\/\/madridlockers.com\/es\/blog\/\",\"url\":\"https:\/\/madridlockers.com\/es\/blog\/\",\"name\":\"Blog - Madrid Lockers | Luggage storage Madrid\",\"isPartOf\":{\"@id\":\"https:\/\/madridlockers.com\/#website\"},\"datePublished\":\"2021-05-17T10:01:32+00:00\",\"dateModified\":\"2021-05-17T10:05:21+00:00\",\"breadcrumb\":{\"@id\":\"https:\/\/madridlockers.com\/es\/blog\/#breadcrumb\"},\"inLanguage\":\"es\",\"potentialAction\":[{\"@type\":\"ReadAction\",\"target\":[\"https:\/\/madridlockers.com\/es\/blog\/\"]}]},{\"@type\":\"BreadcrumbList\",\"@id\":\"https:\/\/madridlockers.com\/es\/blog\/#breadcrumb\",\"itemListElement\":[{\"@type\":\"ListItem\",\"position\":1,\"name\":\"Home\",\"item\":\"https:\/\/madridlockers.com\/\"},{\"@type\":\"ListItem\",\"position\":2,\"name\":\"Blog\"}]},{\"@type\":\"WebSite\",\"@id\":\"https:\/\/madridlockers.com\/#website\",\"url\":\"https:\/\/madridlockers.com\/\",\"name\":\"Madrid Lockers | Luggage storage Madrid\",\"description\":\"Luggage storage Madrid - consigna Madrid - Left Luggage Madrid\",\"publisher\":{\"@id\":\"https:\/\/madridlockers.com\/#organization\"},\"potentialAction\":[{\"@type\":\"SearchAction\",\"target\":{\"@type\":\"EntryPoint\",\"urlTemplate\":\"https:\/\/madridlockers.com\/?s={search_term_string}\"},\"query-input\":\"required name=search_term_string\"}],\"inLanguage\":\"es\"},{\"@type\":\"Organization\",\"@id\":\"https:\/\/madridlockers.com\/#organization\",\"name\":\"Madrid Lockers | Luggage storage Madrid\",\"url\":\"https:\/\/madridlockers.com\/\",\"logo\":{\"@type\":\"ImageObject\",\"inLanguage\":\"es\",\"@id\":\"https:\/\/madridlockers.com\/#\/schema\/logo\/image\/\",\"url\":\"https:\/\/madridlockers.com\/wp-content\/uploads\/2020\/04\/Logo-Madrid-lockers.png\",\"contentUrl\":\"https:\/\/madridlockers.com\/wp-content\/uploads\/2020\/04\/Logo-Madrid-lockers.png\",\"width\":400,\"height\":400,\"caption\":\"Madrid Lockers | Luggage storage Madrid\"},\"image\":{\"@id\":\"https:\/\/madridlockers.com\/#\/schema\/logo\/image\/\"}}]}<\/script>\n<!-- \/ Yoast SEO plugin. -->","yoast_head_json":{"title":"Blog - Madrid Lockers | Luggage storage Madrid","robots":{"index":"index","follow":"follow","max-snippet":"max-snippet:-1","max-image-preview":"max-image-preview:large","max-video-preview":"max-video-preview:-1"},"canonical":"https:\/\/madridlockers.com\/es\/blog\/","og_locale":"es_ES","og_type":"article","og_title":"Blog - Madrid Lockers | Luggage storage Madrid","og_url":"https:\/\/madridlockers.com\/es\/blog\/","og_site_name":"Madrid Lockers | Luggage storage Madrid","article_modified_time":"2021-05-17T10:05:21+00:00","twitter_card":"summary_large_image","twitter_misc":{"Tiempo de lectura":"1 minuto"},"schema":{"@context":"https:\/\/schema.org","@graph":[{"@type":"WebPage","@id":"https:\/\/madridlockers.com\/es\/blog\/","url":"https:\/\/madridlockers.com\/es\/blog\/","name":"Blog - Madrid Lockers | Luggage storage Madrid","isPartOf":{"@id":"https:\/\/madridlockers.com\/#website"},"datePublished":"2021-05-17T10:01:32+00:00","dateModified":"2021-05-17T10:05:21+00:00","breadcrumb":{"@id":"https:\/\/madridlockers.com\/es\/blog\/#breadcrumb"},"inLanguage":"es","potentialAction":[{"@type":"ReadAction","target":["https:\/\/madridlockers.com\/es\/blog\/"]}]},{"@type":"BreadcrumbList","@id":"https:\/\/madridlockers.com\/es\/blog\/#breadcrumb","itemListElement":[{"@type":"ListItem","position":1,"name":"Home","item":"https:\/\/madridlockers.com\/"},{"@type":"ListItem","position":2,"name":"Blog"}]},{"@type":"WebSite","@id":"https:\/\/madridlockers.com\/#website","url":"https:\/\/madridlockers.com\/","name":"Madrid Lockers | Luggage storage Madrid","description":"Luggage storage Madrid - consigna Madrid - Left Luggage Madrid","publisher":{"@id":"https:\/\/madridlockers.com\/#organization"},"potentialAction":[{"@type":"SearchAction","target":{"@type":"EntryPoint","urlTemplate":"https:\/\/madridlockers.com\/?s={search_term_string}"},"query-input":"required name=search_term_string"}],"inLanguage":"es"},{"@type":"Organization","@id":"https:\/\/madridlockers.com\/#organization","name":"Madrid Lockers | Luggage storage Madrid","url":"https:\/\/madridlockers.com\/","logo":{"@type":"ImageObject","inLanguage":"es","@id":"https:\/\/madridlockers.com\/#\/schema\/logo\/image\/","url":"https:\/\/madridlockers.com\/wp-content\/uploads\/2020\/04\/Logo-Madrid-lockers.png","contentUrl":"https:\/\/madridlockers.com\/wp-content\/uploads\/2020\/04\/Logo-Madrid-lockers.png","width":400,"height":400,"caption":"Madrid Lockers | Luggage storage Madrid"},"image":{"@id":"https:\/\/madridlockers.com\/#\/schema\/logo\/image\/"}}]}},"_links":{"self":[{"href":"https:\/\/madridlockers.com\/es\/wp-json\/wp\/v2\/pages\/573"}],"collection":[{"href":"https:\/\/madridlockers.com\/es\/wp-json\/wp\/v2\/pages"}],"about":[{"href":"https:\/\/madridlockers.com\/es\/wp-json\/wp\/v2\/types\/page"}],"author":[{"embeddable":true,"href":"https:\/\/madridlockers.com\/es\/wp-json\/wp\/v2\/users\/2"}],"replies":[{"embeddable":true,"href":"https:\/\/madridlockers.com\/es\/wp-json\/wp\/v2\/comments?post=573"}],"version-history":[{"count":8,"href":"https:\/\/madridlockers.com\/es\/wp-json\/wp\/v2\/pages\/573\/revisions"}],"predecessor-version":[{"id":582,"href":"https:\/\/madridlockers.com\/es\/wp-json\/wp\/v2\/pages\/573\/revisions\/582"}],"wp:attachment":[{"href":"https:\/\/madridlockers.com\/es\/wp-json\/wp\/v2\/media?parent=573"}],"curies":[{"name":"wp","href":"https:\/\/api.w.org\/{rel}","templated":true}]}}